{"id":5231,"date":"2018-08-23T10:55:33","date_gmt":"2018-08-23T16:55:33","guid":{"rendered":"http:\/\/turismo.bcs.gob.mx\/?page_id=5231"},"modified":"2018-12-07T11:29:10","modified_gmt":"2018-12-07T17:29:10","slug":"objetivo-datos-abiertos","status":"publish","type":"page","link":"https:\/\/datos.bcs.gob.mx\/?page_id=5231","title":{"rendered":"Objetivos de Datos Abiertos"},"content":{"rendered":"<style>\n p {\n  line-height: 1;\n}\n<\/style>\n<p><\/br><\/p>\n<div class=\"row\">\n<div class=\"col-md-6\">\n<div class=\"col-md-2\">\n     <img loading=\"lazy\" decoding=\"async\" class=\"wp-image-5313 alignleft\" src=\"http:\/\/datos.bcs.gob.mx\/wp-content\/themes\/TemaSEPUIT\/assets\/images\/impulsar_cre.png\" alt=\"\" width=\"40\" height=\"40\" \/>\n    <\/div>\n<div class=\"col-md-10\">\n<p> <strong> IMPULSAR EL CRECIMIENTO ECON\u00d3MICO,<\/strong><br \/>\n fortalecer la competitividad y promover la innovaci\u00f3n. <\/p>\n<\/p><\/div>\n<\/p><\/div>\n<p> <!--col6--><\/p>\n<div style=\"margin-top:-10px;\" class=\"col-md-6\">\n<div class=\"col-md-2\">\n    <img loading=\"lazy\" decoding=\"async\" class=\"wp-image-5313 alignleft\" src=\"http:\/\/datos.bcs.gob.mx\/wp-content\/themes\/TemaSEPUIT\/assets\/images\/incrementar_transp.png\" alt=\"\" width=\"40\" height=\"40\" \/>\n    <\/div>\n<div class=\"col-md-10\">\n<p><strong>INCREMENTAR LA TRANSPARENCIA<\/strong><br \/>\ny rendici\u00f3n de cuentas.<\/p>\n<\/p><\/div>\n<\/p><\/div>\n<p> <!--col6-->\n<\/div>\n<p> <!--row--><\/p>\n<p><!-- row 2--><\/p>\n<div class=\"row\">\n<div class=\"col-md-6\">\n<div class=\"col-md-2\">\n     <img loading=\"lazy\" decoding=\"async\" class=\"wp-image-5313 alignleft\" src=\"http:\/\/datos.bcs.gob.mx\/wp-content\/themes\/TemaSEPUIT\/assets\/images\/fomentar_part_ciud.png\" alt=\"\" width=\"40\" height=\"40\" \/><\/h5>\n<\/p><\/div>\n<div class=\"col-md-10\">\n<p><strong>FOMENTAR LA PARTICIPACI\u00d3N CIUDADANA<\/strong><br \/>\ny fortalecer la democracia.<\/p>\n<\/p><\/div>\n<p>  <!--otro igual--><\/p>\n<div  class=\"col-md-4\"><\/div>\n<div class=\"col-md-8\">\n   <\/div>\n<p>   <!--otro igual fin--><\/p><\/div>\n<p> <!--col6--><\/p>\n<div style=\"margin-top:-10px;\" class=\"col-md-6\">\n<div class=\"col-md-2\">\n<p>  <img loading=\"lazy\" decoding=\"async\"  class=\"left-block\" src=\"http:\/\/datos.bcs.gob.mx\/wp-content\/themes\/TemaSEPUIT\/assets\/images\/seguridad_obj.png\" alt=\"\" width=\"40\" height=\"40\" \/><\/p><\/div>\n<div class=\"col-md-10\">\n<p> <strong>PREVER EL RESPETO A LA PRIVACIDAD<\/strong><br \/>\ny protecci\u00f3n de datos personales.<\/p>\n<\/p><\/div>\n<\/p><\/div>\n<p> <!--col6-->\n<\/div>\n<p> <!--row--><\/p>\n<p><!-- row 3--><\/p>\n<div class=\"row\">\n<div class=\"col-md-6\">\n<div class=\"col-md-2\">\n     <img loading=\"lazy\" decoding=\"async\" class=\"wp-image-5313 alignleft\" src=\"http:\/\/datos.bcs.gob.mx\/wp-content\/themes\/TemaSEPUIT\/assets\/images\/detonar.png\" alt=\"\" width=\"40\" height=\"40\" \/><\/p><\/div>\n<div class=\"col-md-10\">\n<p class=\"pservices text-justify\"> <strong>DETONAR UNA MAYOR EFICIENCIA GUBERNAMENTAL,<\/strong><br \/>\ndise\u00f1o de pol\u00edtica p\u00fablica basada en evidencia y mejora de servicios p\u00fablicos, en apoyo a los objetivos de desarrollo, generaci\u00f3n de conocimiento y buena gobernanza.<\/p>\n<\/p><\/div>\n<\/p><\/div>\n<p> <!--col6--><\/p>\n<div style=\"margin-top:-10px;\" class=\"col-md-6\">\n<div class=\"col-md-2\"><\/div>\n<div class=\"col-md-10\"><\/div>\n<\/p><\/div>\n<p> <!--col6-->\n<\/div>\n<p> <!--row--><\/p>\n","protected":false},"excerpt":{"rendered":"<p>IMPULSAR EL CRECIMIENTO ECON\u00d3MICO, fortalecer la competitividad y promover la innovaci\u00f3n. INCREMENTAR LA TRANSPARENCIA y rendici\u00f3n de cuentas. FOMENTAR LA PARTICIPACI\u00d3N CIUDADANA y fortalecer la democracia. PREVER EL RESPETO A LA PRIVACIDAD y protecci\u00f3n de datos personales. DETONAR UNA MAYOR EFICIENCIA GUBERNAMENTAL, dise\u00f1o de pol\u00edtica p\u00fablica basada en evidencia y mejora de servicios p\u00fablicos, en &hellip; <a href=\"https:\/\/datos.bcs.gob.mx\/?page_id=5231\">Continued<\/a><\/p>\n","protected":false},"author":1,"featured_media":0,"parent":0,"menu_order":0,"comment_status":"closed","ping_status":"closed","template":"","meta":{"_acf_changed":false,"footnotes":"","_links_to":"","_links_to_target":""},"class_list":["post-5231","page","type-page","status-publish","hentry"],"acf":[],"_links":{"self":[{"href":"https:\/\/datos.bcs.gob.mx\/index.php?rest_route=\/wp\/v2\/pages\/5231"}],"collection":[{"href":"https:\/\/datos.bcs.gob.mx\/index.php?rest_route=\/wp\/v2\/pages"}],"about":[{"href":"https:\/\/datos.bcs.gob.mx\/index.php?rest_route=\/wp\/v2\/types\/page"}],"author":[{"embeddable":true,"href":"https:\/\/datos.bcs.gob.mx\/index.php?rest_route=\/wp\/v2\/users\/1"}],"replies":[{"embeddable":true,"href":"https:\/\/datos.bcs.gob.mx\/index.php?rest_route=%2Fwp%2Fv2%2Fcomments&post=5231"}],"version-history":[{"count":78,"href":"https:\/\/datos.bcs.gob.mx\/index.php?rest_route=\/wp\/v2\/pages\/5231\/revisions"}],"predecessor-version":[{"id":7440,"href":"https:\/\/datos.bcs.gob.mx\/index.php?rest_route=\/wp\/v2\/pages\/5231\/revisions\/7440"}],"wp:attachment":[{"href":"https:\/\/datos.bcs.gob.mx\/index.php?rest_route=%2Fwp%2Fv2%2Fmedia&parent=5231"}],"curies":[{"name":"wp","href":"https:\/\/api.w.org\/{rel}","templated":true}]}}